{"id":888,"date":"2024-08-26T12:15:20","date_gmt":"2024-08-26T10:15:20","guid":{"rendered":"https:\/\/celiapsicologia.com\/chi-sono\/"},"modified":"2024-09-27T08:39:31","modified_gmt":"2024-09-27T06:39:31","slug":"chi-sono","status":"publish","type":"page","link":"https:\/\/celiapsicologia.com\/it\/chi-sono\/","title":{"rendered":"Chi sono"},"content":{"rendered":"\t\t<div data-elementor-type=\"wp-page\" data-elementor-id=\"888\" class=\"elementor elementor-888 elementor-21\" data-elementor-post-type=\"page\">\n\t\t\t\t<div class=\"elementor-element elementor-element-f673948 e-flex e-con-boxed e-con e-parent\" data-id=\"f673948\" data-element_type=\"container\" data-e-type=\"container\" data-settings=\"{&quot;background_background&quot;:&quot;classic&quot;,&quot;jet_parallax_layout_list&quot;:[]}\">\n\t\t\t\t\t<div class=\"e-con-inner\">\n\t\t\t\t<div class=\"elementor-element elementor-element-776e077 elementor-widget elementor-widget-heading\" data-id=\"776e077\" data-element_type=\"widget\" data-e-type=\"widget\" data-widget_type=\"heading.default\">\n\t\t\t\t<div class=\"elementor-widget-container\">\n\t\t\t\t\t<h5 class=\"elementor-heading-title elementor-size-default\">CHI SONO<\/h5>\t\t\t\t<\/div>\n\t\t\t\t<\/div>\n\t\t\t\t<div class=\"elementor-element elementor-element-4f56157 elementor-widget elementor-widget-heading\" data-id=\"4f56157\" data-element_type=\"widget\" data-e-type=\"widget\" data-widget_type=\"heading.default\">\n\t\t\t\t<div class=\"elementor-widget-container\">\n\t\t\t\t\t<h1 class=\"elementor-heading-title elementor-size-default\">Le cicatrici danno forma alla nostra storia<\/h1>\t\t\t\t<\/div>\n\t\t\t\t<\/div>\n\t\t\t\t\t<\/div>\n\t\t\t\t<\/div>\n\t\t<div class=\"elementor-element elementor-element-4315963 e-con-full e-flex e-con e-parent\" data-id=\"4315963\" data-element_type=\"container\" data-e-type=\"container\" data-settings=\"{&quot;jet_parallax_layout_list&quot;:[]}\">\n\t\t<div class=\"elementor-element elementor-element-820880f e-con-full e-flex e-con e-child\" data-id=\"820880f\" data-element_type=\"container\" data-e-type=\"container\" data-settings=\"{&quot;background_background&quot;:&quot;classic&quot;,&quot;jet_parallax_layout_list&quot;:[]}\">\n\t\t<div class=\"elementor-element elementor-element-f906fe0 e-con-full e-flex e-con e-child\" data-id=\"f906fe0\" data-element_type=\"container\" data-e-type=\"container\" data-settings=\"{&quot;jet_parallax_layout_list&quot;:[]}\">\n\t\t\t\t<div class=\"elementor-element elementor-element-2976bce elementor-widget elementor-widget-image\" data-id=\"2976bce\" data-element_type=\"widget\" data-e-type=\"widget\" data-widget_type=\"image.default\">\n\t\t\t\t<div class=\"elementor-widget-container\">\n\t\t\t\t\t\t\t\t\t\t\t\t\t\t\t<img fetchpriority=\"high\" decoding=\"async\" width=\"435\" height=\"530\" src=\"https:\/\/celiapsicologia.com\/wp-content\/uploads\/2024\/08\/celia_pedrero-min.jpg\" class=\"attachment-full size-full wp-image-811\" alt=\"\" srcset=\"https:\/\/celiapsicologia.com\/wp-content\/uploads\/2024\/08\/celia_pedrero-min.jpg 435w, https:\/\/celiapsicologia.com\/wp-content\/uploads\/2024\/08\/celia_pedrero-min-246x300.jpg 246w\" sizes=\"(max-width: 435px) 100vw, 435px\" \/>\t\t\t\t\t\t\t\t\t\t\t\t\t\t\t<\/div>\n\t\t\t\t<\/div>\n\t\t\t\t<div class=\"elementor-element elementor-element-390509d elementor-absolute elementor-widget-mobile__width-auto elementor-widget elementor-widget-image\" data-id=\"390509d\" data-element_type=\"widget\" data-e-type=\"widget\" data-settings=\"{&quot;_position&quot;:&quot;absolute&quot;}\" data-widget_type=\"image.default\">\n\t\t\t\t<div class=\"elementor-widget-container\">\n\t\t\t\t\t\t\t\t\t\t\t\t\t\t\t<img decoding=\"async\" width=\"141\" height=\"298\" src=\"https:\/\/celiapsicologia.com\/wp-content\/uploads\/2024\/08\/ilustracion_bambu-min.png\" class=\"attachment-full size-full wp-image-784\" alt=\"\" \/>\t\t\t\t\t\t\t\t\t\t\t\t\t\t\t<\/div>\n\t\t\t\t<\/div>\n\t\t\t\t<\/div>\n\t\t\t\t<\/div>\n\t\t<div class=\"elementor-element elementor-element-51cd772 e-con-full e-flex e-con e-child\" data-id=\"51cd772\" data-element_type=\"container\" data-e-type=\"container\" data-settings=\"{&quot;jet_parallax_layout_list&quot;:[]}\">\n\t\t<div class=\"elementor-element elementor-element-bbb1d8e e-flex e-con-boxed e-con e-child\" data-id=\"bbb1d8e\" data-element_type=\"container\" data-e-type=\"container\" data-settings=\"{&quot;jet_parallax_layout_list&quot;:[]}\">\n\t\t\t\t\t<div class=\"e-con-inner\">\n\t\t\t\t<div class=\"elementor-element elementor-element-b714f84 elementor-widget elementor-widget-heading\" data-id=\"b714f84\" data-element_type=\"widget\" data-e-type=\"widget\" data-widget_type=\"heading.default\">\n\t\t\t\t<div class=\"elementor-widget-container\">\n\t\t\t\t\t<h2 class=\"elementor-heading-title elementor-size-default\">Sono Celia Pedrero<\/h2>\t\t\t\t<\/div>\n\t\t\t\t<\/div>\n\t\t\t\t<div class=\"elementor-element elementor-element-d609ca0 elementor-widget elementor-widget-heading\" data-id=\"d609ca0\" data-element_type=\"widget\" data-e-type=\"widget\" data-widget_type=\"heading.default\">\n\t\t\t\t<div class=\"elementor-widget-container\">\n\t\t\t\t\t<h6 class=\"elementor-heading-title elementor-size-default\">Numero socio: MU05078<\/h6>\t\t\t\t<\/div>\n\t\t\t\t<\/div>\n\t\t\t\t<div class=\"elementor-element elementor-element-111caa7 elementor-widget-divider--view-line elementor-widget elementor-widget-divider\" data-id=\"111caa7\" data-element_type=\"widget\" data-e-type=\"widget\" data-widget_type=\"divider.default\">\n\t\t\t\t<div class=\"elementor-widget-container\">\n\t\t\t\t\t\t\t<div class=\"elementor-divider\">\n\t\t\t<span class=\"elementor-divider-separator\">\n\t\t\t\t\t\t<\/span>\n\t\t<\/div>\n\t\t\t\t\t\t<\/div>\n\t\t\t\t<\/div>\n\t\t\t\t<div class=\"elementor-element elementor-element-9252b94 elementor-widget elementor-widget-text-editor\" data-id=\"9252b94\" data-element_type=\"widget\" data-e-type=\"widget\" data-widget_type=\"text-editor.default\">\n\t\t\t\t<div class=\"elementor-widget-container\">\n\t\t\t\t\t\t\t\t\t<p>Sono una donna, murciana di nascita e italiana nel cuore, psicologa generale della salute, terapeuta EMDR ed esperta in interventi sistemici.  <\/p>\n<p>Pi\u00f9 di 10 anni fa sono stato costretto a prendere la decisione pi\u00f9 importante della mia vita: cosa volevo fare per vivere.<br \/>\nE in effetti era la pi\u00f9 importante, ma anche la pi\u00f9 giusta.<br \/>\nNel 2013 mi sono laureata in psicologia e da allora sono sempre stata affascinata dalla conoscenza degli esseri umani e del loro comportamento.<br \/>\nMa non era abbastanza per me.<br \/>\nCos\u00ec, negli ultimi due anni, ho studiato a fondo i loro sistemi, cio\u00e8 l&#8217;ambiente e tutto ci\u00f2 che li circonda.      <\/p>\n<p>Questo lungo viaggio mi ha permesso non solo di conoscere gli altri ma anche di conoscere me stessa.<br \/>\nQuesto \u00e8 stato possibile grazie al volontariato, alla vita in Italia per pi\u00f9 di 7 anni, all&#8217;esplorazione di altre culture e alla lettura di libri, film e serie. <\/p>\n<p>In definitiva, posso dire che il mio scopo \u00e8 trovare la bellezza nelle cicatrici pi\u00f9 profonde, abbracciare le imperfezioni e darti gli strumenti necessari per trasformarle nei tuoi pi\u00f9 grandi punti di forza.<\/p>\n\t\t\t\t\t\t\t\t<\/div>\n\t\t\t\t<\/div>\n\t\t\t\t<div class=\"elementor-element elementor-element-46903d6 elementor-align-center elementor-widget elementor-widget-button\" data-id=\"46903d6\" data-element_type=\"widget\" data-e-type=\"widget\" data-widget_type=\"button.default\">\n\t\t\t\t<div class=\"elementor-widget-container\">\n\t\t\t\t\t\t\t\t\t<div class=\"elementor-button-wrapper\">\n\t\t\t\t\t<a class=\"elementor-button elementor-button-link elementor-size-sm\" href=\"#next\">\n\t\t\t\t\t\t<span class=\"elementor-button-content-wrapper\">\n\t\t\t\t\t\t\t\t\t<span class=\"elementor-button-text\">SCOPRI LA MIA STORIA<\/span>\n\t\t\t\t\t<\/span>\n\t\t\t\t\t<\/a>\n\t\t\t\t<\/div>\n\t\t\t\t\t\t\t\t<\/div>\n\t\t\t\t<\/div>\n\t\t\t\t\t<\/div>\n\t\t\t\t<\/div>\n\t\t\t\t<\/div>\n\t\t\t\t<\/div>\n\t\t<div class=\"elementor-element elementor-element-0b7d397 e-flex e-con-boxed e-con e-parent\" data-id=\"0b7d397\" data-element_type=\"container\" data-e-type=\"container\" id=\"next\" data-settings=\"{&quot;background_background&quot;:&quot;classic&quot;,&quot;jet_parallax_layout_list&quot;:[]}\">\n\t\t\t\t\t<div class=\"e-con-inner\">\n\t\t\t\t<div class=\"elementor-element elementor-element-0377c0b elementor-widget elementor-widget-heading\" data-id=\"0377c0b\" data-element_type=\"widget\" data-e-type=\"widget\" data-widget_type=\"heading.default\">\n\t\t\t\t<div class=\"elementor-widget-container\">\n\t\t\t\t\t<h3 class=\"elementor-heading-title elementor-size-default\">Questo viaggio \u00e8 solo l'inizio...<\/h3>\t\t\t\t<\/div>\n\t\t\t\t<\/div>\n\t\t\t\t<div class=\"elementor-element elementor-element-e515c9d elementor-widget elementor-widget-jet-timeline\" data-id=\"e515c9d\" data-element_type=\"widget\" data-e-type=\"widget\" data-widget_type=\"jet-timeline.default\">\n\t\t\t\t<div class=\"elementor-widget-container\">\n\t\t\t\t\t<div class=\"elementor-jet-timeline jet-elements\"><div class=\"jet-timeline jet-timeline--align-center jet-timeline--align-middle\">\n\t<div class=\"jet-timeline__line\"><div class=\"jet-timeline__line-progress\"><\/div><\/div>\n\t<div class=\"jet-timeline-list\"><div class=\"jet-timeline-item  elementor-repeater-item-1ff1f7f jet-timeline-item--image-inside\">\n\t<div class=\"timeline-item__card\">\n\t\t<div class=\"timeline-item__card-inner\">\n\t\t\t\t<div class=\"timeline-item__card-img\"><img decoding=\"async\" width=\"171\" height=\"169\" src=\"https:\/\/celiapsicologia.com\/wp-content\/uploads\/2024\/08\/universidad_murcia@2x.svg\" class=\"attachment-full size-full wp-image-320\" alt=\"\" \/><\/div>\t\t\t\t<div class=\"timeline-item__card-content\">\n\t\t\t\t\t<div class=\"timeline-item__meta\"><\/div><h5 class=\"timeline-item__card-title\">2013<\/h5><div class=\"timeline-item__card-desc\">Ho iniziato la mia formazione universitaria in psicologia presso l'Universit\u00e0 di Murcia, nel mio paese natale, dove ho trascorso tre anni.<\/div>\t\t\t\t<\/div>\n\t\t\t\t\t\t<\/div>\n\t\t<div class=\"timeline-item__card-arrow\"><\/div>\n\t<\/div>\n\t<div class=\"timeline-item__point\"><div class=\"timeline-item__point-content timeline-item__point-content--icon\"><span class=\"jet-elements-icon\"><svg xmlns=\"http:\/\/www.w3.org\/2000\/svg\" width=\"19\" height=\"11\" viewBox=\"0 0 19 11\" fill=\"none\"><path d=\"M1.67438 -1.58809e-06L1.22633e-06 1.64824L9.5 11L19 1.64825L17.3256 4.64325e-07L9.5 7.69182L1.67438 -1.58809e-06Z\" fill=\"white\"><\/path><\/svg><\/span><\/div><\/div><div class=\"timeline-item__meta\"><\/div><\/div><div class=\"jet-timeline-item  elementor-repeater-item-73c4931 jet-timeline-item--image-inside\">\n\t<div class=\"timeline-item__card\">\n\t\t<div class=\"timeline-item__card-inner\">\n\t\t\t\t<div class=\"timeline-item__card-img\"><img loading=\"lazy\" decoding=\"async\" width=\"171\" height=\"169\" src=\"https:\/\/celiapsicologia.com\/wp-content\/uploads\/2024\/08\/universita_bologna@2x.svg\" class=\"attachment-full size-full wp-image-322\" alt=\"\" \/><\/div>\t\t\t\t<div class=\"timeline-item__card-content\">\n\t\t\t\t\t<div class=\"timeline-item__meta\"><\/div><h5 class=\"timeline-item__card-title\">2016<\/h5><div class=\"timeline-item__card-desc\">Ho trascorso il quarto anno della mia laurea in Italia, presso l'Universit\u00e0 di Bologna, la pi\u00f9 prestigiosa universit\u00e0 di psicologia in Italia.<\/div>\t\t\t\t<\/div>\n\t\t\t\t\t\t<\/div>\n\t\t<div class=\"timeline-item__card-arrow\"><\/div>\n\t<\/div>\n\t<div class=\"timeline-item__point\"><div class=\"timeline-item__point-content timeline-item__point-content--icon\"><span class=\"jet-elements-icon\"><svg xmlns=\"http:\/\/www.w3.org\/2000\/svg\" width=\"19\" height=\"11\" viewBox=\"0 0 19 11\" fill=\"none\"><path d=\"M1.67438 -1.58809e-06L1.22633e-06 1.64824L9.5 11L19 1.64825L17.3256 4.64325e-07L9.5 7.69182L1.67438 -1.58809e-06Z\" fill=\"white\"><\/path><\/svg><\/span><\/div><\/div><div class=\"timeline-item__meta\"><\/div><\/div><div class=\"jet-timeline-item  elementor-repeater-item-231c249 jet-timeline-item--image-inside\">\n\t<div class=\"timeline-item__card\">\n\t\t<div class=\"timeline-item__card-inner\">\n\t\t\t\t<div class=\"timeline-item__card-img\"><img loading=\"lazy\" decoding=\"async\" width=\"171\" height=\"169\" src=\"https:\/\/celiapsicologia.com\/wp-content\/uploads\/2024\/08\/unir@2x.svg\" class=\"attachment-full size-full wp-image-318\" alt=\"\" \/><\/div>\t\t\t\t<div class=\"timeline-item__card-content\">\n\t\t\t\t\t<div class=\"timeline-item__meta\"><\/div><h5 class=\"timeline-item__card-title\">2017<\/h5><div class=\"timeline-item__card-desc\">Una volta terminata la laurea, ho deciso di frequentare il Master in Psicologia Generale della Salute presso l'UNIR per due anni.  <\/div>\t\t\t\t<\/div>\n\t\t\t\t\t\t<\/div>\n\t\t<div class=\"timeline-item__card-arrow\"><\/div>\n\t<\/div>\n\t<div class=\"timeline-item__point\"><div class=\"timeline-item__point-content timeline-item__point-content--icon\"><span class=\"jet-elements-icon\"><svg xmlns=\"http:\/\/www.w3.org\/2000\/svg\" width=\"19\" height=\"11\" viewBox=\"0 0 19 11\" fill=\"none\"><path d=\"M1.67438 -1.58809e-06L1.22633e-06 1.64824L9.5 11L19 1.64825L17.3256 4.64325e-07L9.5 7.69182L1.67438 -1.58809e-06Z\" fill=\"white\"><\/path><\/svg><\/span><\/div><\/div><div class=\"timeline-item__meta\"><\/div><\/div><div class=\"jet-timeline-item  elementor-repeater-item-39d9ef0 jet-timeline-item--image-inside\">\n\t<div class=\"timeline-item__card\">\n\t\t<div class=\"timeline-item__card-inner\">\n\t\t\t\t<div class=\"timeline-item__card-img\"><img loading=\"lazy\" decoding=\"async\" width=\"171\" height=\"169\" src=\"https:\/\/celiapsicologia.com\/wp-content\/uploads\/2024\/08\/escuela_sant_pau@2x.svg\" class=\"attachment-full size-full wp-image-327\" alt=\"\" \/><\/div>\t\t\t\t<div class=\"timeline-item__card-content\">\n\t\t\t\t\t<div class=\"timeline-item__meta\"><\/div><h5 class=\"timeline-item__card-title\">2022<\/h5><div class=\"timeline-item__card-desc\">Mi sono specializzata nel mondo della terapia familiare sistemica, guidata dalla migliore scuola di Spagna, la Scuola di Sant Pau.<\/div>\t\t\t\t<\/div>\n\t\t\t\t\t\t<\/div>\n\t\t<div class=\"timeline-item__card-arrow\"><\/div>\n\t<\/div>\n\t<div class=\"timeline-item__point\"><div class=\"timeline-item__point-content timeline-item__point-content--icon\"><span class=\"jet-elements-icon\"><svg xmlns=\"http:\/\/www.w3.org\/2000\/svg\" width=\"19\" height=\"11\" viewBox=\"0 0 19 11\" fill=\"none\"><path d=\"M1.67438 -1.58809e-06L1.22633e-06 1.64824L9.5 11L19 1.64825L17.3256 4.64325e-07L9.5 7.69182L1.67438 -1.58809e-06Z\" fill=\"white\"><\/path><\/svg><\/span><\/div><\/div><div class=\"timeline-item__meta\"><\/div><\/div><\/div><\/div><\/div>\t\t\t\t<\/div>\n\t\t\t\t<\/div>\n\t\t\t\t\t<\/div>\n\t\t\t\t<\/div>\n\t\t\t\t<\/div>\n\t\t","protected":false},"excerpt":{"rendered":"<p>CHI SONO Le cicatrici danno forma alla nostra storia Sono Celia Pedrero Numero socio: MU05078 Sono una donna, murciana di nascita e italiana nel cuore, psicologa generale della salute, terapeuta EMDR ed esperta in interventi sistemici. Pi\u00f9 di 10 anni fa sono stato costretto a prendere la decisione pi\u00f9 importante della mia vita: cosa volevo [&hellip;]<\/p>\n","protected":false},"author":1,"featured_media":811,"parent":0,"menu_order":0,"comment_status":"closed","ping_status":"closed","template":"","meta":{"footnotes":""},"class_list":["post-888","page","type-page","status-publish","has-post-thumbnail","hentry"],"yoast_head":"<!-- This site is optimized with the Yoast SEO plugin v27.5 - https:\/\/yoast.com\/product\/yoast-seo-wordpress\/ -->\n<title>Chi sono - Celia Pedrero - Le cicatrici danno forma alla nostra storia<\/title>\n<meta name=\"description\" content=\"Pi\u00f9 di 10 anni fa sono stato costretto a prendere la decisione pi\u00f9 importante della mia vita: cosa volevo fare per vivere. Ed era quella giusta.\" \/>\n<meta name=\"robots\" content=\"index, follow, max-snippet:-1, max-image-preview:large, max-video-preview:-1\" \/>\n<link rel=\"canonical\" href=\"https:\/\/celiapsicologia.com\/it\/chi-sono\/\" \/>\n<meta property=\"og:locale\" content=\"it_IT\" \/>\n<meta property=\"og:type\" content=\"article\" \/>\n<meta property=\"og:title\" content=\"Chi sono - Celia Pedrero - Le cicatrici danno forma alla nostra storia\" \/>\n<meta property=\"og:description\" content=\"Pi\u00f9 di 10 anni fa sono stato costretto a prendere la decisione pi\u00f9 importante della mia vita: cosa volevo fare per vivere. Ed era quella giusta.\" \/>\n<meta property=\"og:url\" content=\"https:\/\/celiapsicologia.com\/it\/chi-sono\/\" \/>\n<meta property=\"og:site_name\" content=\"Celia Pedrero\" \/>\n<meta property=\"article:modified_time\" content=\"2024-09-27T06:39:31+00:00\" \/>\n<meta property=\"og:image\" content=\"https:\/\/celiapsicologia.com\/wp-content\/uploads\/2024\/08\/celia_pedrero-min.jpg\" \/>\n\t<meta property=\"og:image:width\" content=\"435\" \/>\n\t<meta property=\"og:image:height\" content=\"530\" \/>\n\t<meta property=\"og:image:type\" content=\"image\/jpeg\" \/>\n<meta name=\"twitter:card\" content=\"summary_large_image\" \/>\n<meta name=\"twitter:label1\" content=\"Tempo di lettura stimato\" \/>\n\t<meta name=\"twitter:data1\" content=\"1 minuto\" \/>\n<script type=\"application\/ld+json\" class=\"yoast-schema-graph\">{\"@context\":\"https:\\\/\\\/schema.org\",\"@graph\":[{\"@type\":\"WebPage\",\"@id\":\"https:\\\/\\\/celiapsicologia.com\\\/it\\\/chi-sono\\\/\",\"url\":\"https:\\\/\\\/celiapsicologia.com\\\/it\\\/chi-sono\\\/\",\"name\":\"Chi sono - Celia Pedrero - Le cicatrici danno forma alla nostra storia\",\"isPartOf\":{\"@id\":\"https:\\\/\\\/celiapsicologia.com\\\/it\\\/#website\"},\"primaryImageOfPage\":{\"@id\":\"https:\\\/\\\/celiapsicologia.com\\\/it\\\/chi-sono\\\/#primaryimage\"},\"image\":{\"@id\":\"https:\\\/\\\/celiapsicologia.com\\\/it\\\/chi-sono\\\/#primaryimage\"},\"thumbnailUrl\":\"https:\\\/\\\/celiapsicologia.com\\\/wp-content\\\/uploads\\\/2024\\\/08\\\/celia_pedrero-min.jpg\",\"datePublished\":\"2024-08-26T10:15:20+00:00\",\"dateModified\":\"2024-09-27T06:39:31+00:00\",\"description\":\"Pi\u00f9 di 10 anni fa sono stato costretto a prendere la decisione pi\u00f9 importante della mia vita: cosa volevo fare per vivere. Ed era quella giusta.\",\"breadcrumb\":{\"@id\":\"https:\\\/\\\/celiapsicologia.com\\\/it\\\/chi-sono\\\/#breadcrumb\"},\"inLanguage\":\"it-IT\",\"potentialAction\":[{\"@type\":\"ReadAction\",\"target\":[\"https:\\\/\\\/celiapsicologia.com\\\/it\\\/chi-sono\\\/\"]}]},{\"@type\":\"ImageObject\",\"inLanguage\":\"it-IT\",\"@id\":\"https:\\\/\\\/celiapsicologia.com\\\/it\\\/chi-sono\\\/#primaryimage\",\"url\":\"https:\\\/\\\/celiapsicologia.com\\\/wp-content\\\/uploads\\\/2024\\\/08\\\/celia_pedrero-min.jpg\",\"contentUrl\":\"https:\\\/\\\/celiapsicologia.com\\\/wp-content\\\/uploads\\\/2024\\\/08\\\/celia_pedrero-min.jpg\",\"width\":435,\"height\":530},{\"@type\":\"BreadcrumbList\",\"@id\":\"https:\\\/\\\/celiapsicologia.com\\\/it\\\/chi-sono\\\/#breadcrumb\",\"itemListElement\":[{\"@type\":\"ListItem\",\"position\":1,\"name\":\"Portada\",\"item\":\"https:\\\/\\\/celiapsicologia.com\\\/it\\\/\"},{\"@type\":\"ListItem\",\"position\":2,\"name\":\"Chi sono\"}]},{\"@type\":\"WebSite\",\"@id\":\"https:\\\/\\\/celiapsicologia.com\\\/it\\\/#website\",\"url\":\"https:\\\/\\\/celiapsicologia.com\\\/it\\\/\",\"name\":\"Celia Pedrero\",\"description\":\"Psic\u00f3loga General Sanitaria\",\"publisher\":{\"@id\":\"https:\\\/\\\/celiapsicologia.com\\\/it\\\/#organization\"},\"potentialAction\":[{\"@type\":\"SearchAction\",\"target\":{\"@type\":\"EntryPoint\",\"urlTemplate\":\"https:\\\/\\\/celiapsicologia.com\\\/it\\\/?s={search_term_string}\"},\"query-input\":{\"@type\":\"PropertyValueSpecification\",\"valueRequired\":true,\"valueName\":\"search_term_string\"}}],\"inLanguage\":\"it-IT\"},{\"@type\":\"Organization\",\"@id\":\"https:\\\/\\\/celiapsicologia.com\\\/it\\\/#organization\",\"name\":\"Celia Pedrero\",\"url\":\"https:\\\/\\\/celiapsicologia.com\\\/it\\\/\",\"logo\":{\"@type\":\"ImageObject\",\"inLanguage\":\"it-IT\",\"@id\":\"https:\\\/\\\/celiapsicologia.com\\\/it\\\/#\\\/schema\\\/logo\\\/image\\\/\",\"url\":\"https:\\\/\\\/celiapsicologia.com\\\/wp-content\\\/uploads\\\/2024\\\/08\\\/logo_celia_pedrero_02.png\",\"contentUrl\":\"https:\\\/\\\/celiapsicologia.com\\\/wp-content\\\/uploads\\\/2024\\\/08\\\/logo_celia_pedrero_02.png\",\"width\":153,\"height\":131,\"caption\":\"Celia Pedrero\"},\"image\":{\"@id\":\"https:\\\/\\\/celiapsicologia.com\\\/it\\\/#\\\/schema\\\/logo\\\/image\\\/\"},\"sameAs\":[\"https:\\\/\\\/www.instagram.com\\\/celiapedrero.psicologia\\\/?locale=no\"]}]}<\/script>\n<!-- \/ Yoast SEO plugin. -->","yoast_head_json":{"title":"Chi sono - Celia Pedrero - Le cicatrici danno forma alla nostra storia","description":"Pi\u00f9 di 10 anni fa sono stato costretto a prendere la decisione pi\u00f9 importante della mia vita: cosa volevo fare per vivere. Ed era quella giusta.","robots":{"index":"index","follow":"follow","max-snippet":"max-snippet:-1","max-image-preview":"max-image-preview:large","max-video-preview":"max-video-preview:-1"},"canonical":"https:\/\/celiapsicologia.com\/it\/chi-sono\/","og_locale":"it_IT","og_type":"article","og_title":"Chi sono - Celia Pedrero - Le cicatrici danno forma alla nostra storia","og_description":"Pi\u00f9 di 10 anni fa sono stato costretto a prendere la decisione pi\u00f9 importante della mia vita: cosa volevo fare per vivere. Ed era quella giusta.","og_url":"https:\/\/celiapsicologia.com\/it\/chi-sono\/","og_site_name":"Celia Pedrero","article_modified_time":"2024-09-27T06:39:31+00:00","og_image":[{"width":435,"height":530,"url":"https:\/\/celiapsicologia.com\/wp-content\/uploads\/2024\/08\/celia_pedrero-min.jpg","type":"image\/jpeg"}],"twitter_card":"summary_large_image","twitter_misc":{"Tempo di lettura stimato":"1 minuto"},"schema":{"@context":"https:\/\/schema.org","@graph":[{"@type":"WebPage","@id":"https:\/\/celiapsicologia.com\/it\/chi-sono\/","url":"https:\/\/celiapsicologia.com\/it\/chi-sono\/","name":"Chi sono - Celia Pedrero - Le cicatrici danno forma alla nostra storia","isPartOf":{"@id":"https:\/\/celiapsicologia.com\/it\/#website"},"primaryImageOfPage":{"@id":"https:\/\/celiapsicologia.com\/it\/chi-sono\/#primaryimage"},"image":{"@id":"https:\/\/celiapsicologia.com\/it\/chi-sono\/#primaryimage"},"thumbnailUrl":"https:\/\/celiapsicologia.com\/wp-content\/uploads\/2024\/08\/celia_pedrero-min.jpg","datePublished":"2024-08-26T10:15:20+00:00","dateModified":"2024-09-27T06:39:31+00:00","description":"Pi\u00f9 di 10 anni fa sono stato costretto a prendere la decisione pi\u00f9 importante della mia vita: cosa volevo fare per vivere. Ed era quella giusta.","breadcrumb":{"@id":"https:\/\/celiapsicologia.com\/it\/chi-sono\/#breadcrumb"},"inLanguage":"it-IT","potentialAction":[{"@type":"ReadAction","target":["https:\/\/celiapsicologia.com\/it\/chi-sono\/"]}]},{"@type":"ImageObject","inLanguage":"it-IT","@id":"https:\/\/celiapsicologia.com\/it\/chi-sono\/#primaryimage","url":"https:\/\/celiapsicologia.com\/wp-content\/uploads\/2024\/08\/celia_pedrero-min.jpg","contentUrl":"https:\/\/celiapsicologia.com\/wp-content\/uploads\/2024\/08\/celia_pedrero-min.jpg","width":435,"height":530},{"@type":"BreadcrumbList","@id":"https:\/\/celiapsicologia.com\/it\/chi-sono\/#breadcrumb","itemListElement":[{"@type":"ListItem","position":1,"name":"Portada","item":"https:\/\/celiapsicologia.com\/it\/"},{"@type":"ListItem","position":2,"name":"Chi sono"}]},{"@type":"WebSite","@id":"https:\/\/celiapsicologia.com\/it\/#website","url":"https:\/\/celiapsicologia.com\/it\/","name":"Celia Pedrero","description":"Psic\u00f3loga General Sanitaria","publisher":{"@id":"https:\/\/celiapsicologia.com\/it\/#organization"},"potentialAction":[{"@type":"SearchAction","target":{"@type":"EntryPoint","urlTemplate":"https:\/\/celiapsicologia.com\/it\/?s={search_term_string}"},"query-input":{"@type":"PropertyValueSpecification","valueRequired":true,"valueName":"search_term_string"}}],"inLanguage":"it-IT"},{"@type":"Organization","@id":"https:\/\/celiapsicologia.com\/it\/#organization","name":"Celia Pedrero","url":"https:\/\/celiapsicologia.com\/it\/","logo":{"@type":"ImageObject","inLanguage":"it-IT","@id":"https:\/\/celiapsicologia.com\/it\/#\/schema\/logo\/image\/","url":"https:\/\/celiapsicologia.com\/wp-content\/uploads\/2024\/08\/logo_celia_pedrero_02.png","contentUrl":"https:\/\/celiapsicologia.com\/wp-content\/uploads\/2024\/08\/logo_celia_pedrero_02.png","width":153,"height":131,"caption":"Celia Pedrero"},"image":{"@id":"https:\/\/celiapsicologia.com\/it\/#\/schema\/logo\/image\/"},"sameAs":["https:\/\/www.instagram.com\/celiapedrero.psicologia\/?locale=no"]}]}},"_links":{"self":[{"href":"https:\/\/celiapsicologia.com\/it\/wp-json\/wp\/v2\/pages\/888","targetHints":{"allow":["GET"]}}],"collection":[{"href":"https:\/\/celiapsicologia.com\/it\/wp-json\/wp\/v2\/pages"}],"about":[{"href":"https:\/\/celiapsicologia.com\/it\/wp-json\/wp\/v2\/types\/page"}],"author":[{"embeddable":true,"href":"https:\/\/celiapsicologia.com\/it\/wp-json\/wp\/v2\/users\/1"}],"replies":[{"embeddable":true,"href":"https:\/\/celiapsicologia.com\/it\/wp-json\/wp\/v2\/comments?post=888"}],"version-history":[{"count":1,"href":"https:\/\/celiapsicologia.com\/it\/wp-json\/wp\/v2\/pages\/888\/revisions"}],"predecessor-version":[{"id":889,"href":"https:\/\/celiapsicologia.com\/it\/wp-json\/wp\/v2\/pages\/888\/revisions\/889"}],"wp:featuredmedia":[{"embeddable":true,"href":"https:\/\/celiapsicologia.com\/it\/wp-json\/wp\/v2\/media\/811"}],"wp:attachment":[{"href":"https:\/\/celiapsicologia.com\/it\/wp-json\/wp\/v2\/media?parent=888"}],"curies":[{"name":"wp","href":"https:\/\/api.w.org\/{rel}","templated":true}]}}